{"id":1379,"date":"2017-01-27T15:43:08","date_gmt":"2017-01-27T14:43:08","guid":{"rendered":"http:\/\/SPIEGEL.BASSISMUS.DE\/?page_id=8"},"modified":"2023-06-26T13:09:14","modified_gmt":"2023-06-26T11:09:14","slug":"ueber-mich","status":"publish","type":"page","link":"https:\/\/kreartief.de\/?page_id=1379","title":{"rendered":"\u00dcber mich"},"content":{"rendered":"<h4>&nbsp;<\/h4>\n<h4>Bassist, so gut es noch geht.<br \/>\nAber ab und zu packt mich auch die Muse an meiner DAW.<\/h4>\n<p>&nbsp;<\/p>\n<p><img data-recalc-dims=\"1\" fetchpriority=\"high\" decoding=\"async\" class=\"aligncenter wp-image-2165\" src=\"https:\/\/i0.wp.com\/kreartief.de\/wp-content\/uploads\/2023\/06\/Ich.jpg?resize=601%2C400&#038;ssl=1\" alt=\"\" width=\"601\" height=\"400\" srcset=\"https:\/\/i0.wp.com\/kreartief.de\/wp-content\/uploads\/2023\/06\/Ich.jpg?resize=300%2C200&amp;ssl=1 300w, https:\/\/i0.wp.com\/kreartief.de\/wp-content\/uploads\/2023\/06\/Ich.jpg?resize=768%2C511&amp;ssl=1 768w, https:\/\/i0.wp.com\/kreartief.de\/wp-content\/uploads\/2023\/06\/Ich.jpg?w=1024&amp;ssl=1 1024w\" sizes=\"(max-width: 601px) 100vw, 601px\" \/><\/p>\n<p>&nbsp;<\/p>\n<blockquote><p>Ein paar Worte \u00fcber mich.<\/p><\/blockquote>\n<p>Musik hat sich in der Jugend automatisch ergeben, wurde aber zu einem wichtigen Bestandteil in meinem Leben. Dazu kam dann das Arbeiten mit einer DAW (Digital Audio Workstation). Zu Anfang war es kompatibilit\u00e4tsgr\u00fcnden Cubase, welches ich dann aber wieder abgegeben habe. Als Apple-User bin ich auchf das Hauseigene Logic X umgestiegen. Manchmal habe ich Lust etwas zu machen, aner viel zu oft nicht.<\/p>\n<p>Gerne habe ich in der Vergangenheit an meinen B\u00e4ssen geschrubt. Das hei\u00dft die Saitenlage, Intonation (Oktavreinheit) Hals und was dazu geh\u00f6rt. Diese Dinge sind nach all den Jahren mit der Erfahrung dazu gekommen. Eigentlich ist das auch nicht wirklich eine Zauberkunst, halt normale Wrtungsarbeiten.<\/p>\n<p>Und immer war ich ich ein Kind des Ruhrgebiets, auch wenn ich ein paar Jahre in Regionen wie Frankfurt am Main, oder im Berliner Raum verbracht habe, meine Wurzeln wurden nie geleugnet.<br \/>\nAuch wenn ein jeder seinen Tribut an den schlechten Umwelteinfl\u00fcsse der 70er und 80er Jahe zollen muss, nirgends waren die Menschen offener als hier.<br \/>\n&#8222;Das Herz in der Hand&#8220; wie es so sch\u00f6n hei\u00dft!<br \/>\nSchade, dass es durch Industrieschlie\u00dfungen, Strukturwandel und erzwungender \u00dcberbev\u00f6lkerung so in die Knie gezwungen wird.<\/p>\n<p>Band technisch bin ich im Augenblick nicht mehr aktiv, da die Erfahrung gezeigt hat, dass Teamwork hier meist fehl am Platz ist. Wie sagte ein bekannter Gitarrist von mir: &#8222;Ein Tummelbecken voller Egeomenen!&#8220;<br \/>\nUnd er hat Recht, denn die meisten wollen sich nur auf Kosten anderer profilieren und ihren Narzissmus gerecht werden. Zu oft kam der Spruch, dass das &#8222;die Chance&#8220; sei&#8230; Schade eigentlich!<\/p>\n<p>Ein bescheidner \u00fcberblick, w\u00e4re ich hier nicht so faul, gibt es <a href=\"https:\/\/kreartief.de\/?page_id=560\">HIER<\/a> nat\u00fcrlich auch.<\/p>\n<p>Mit den Releases der L.U.S.T. CDs wurde ein eigenes Label gegr\u00fcndet welches jetzt von mir betrieben wird.<\/p>\n<p style=\"text-align: center;\"><a href=\"https:\/\/kreartief.de\/?page_id=77\"><img data-recalc-dims=\"1\" decoding=\"async\" class=\"alignnone size-full wp-image-1730\" src=\"https:\/\/i0.wp.com\/kreartief.de\/wp-content\/uploads\/2022\/05\/Lu-Logo-kl.jpg?resize=250%2C149&#038;ssl=1\" alt=\"\" width=\"250\" height=\"149\" srcset=\"https:\/\/i0.wp.com\/kreartief.de\/wp-content\/uploads\/2022\/05\/Lu-Logo-kl.jpg?w=250&amp;ssl=1 250w, https:\/\/i0.wp.com\/kreartief.de\/wp-content\/uploads\/2022\/05\/Lu-Logo-kl.jpg?resize=150%2C89&amp;ssl=1 150w\" sizes=\"(max-width: 250px) 100vw, 250px\" \/><\/a><\/p>\n<p style=\"text-align: center;\">&nbsp;<\/p>\n<hr>\n<p><big><strong>MS &#8211; Multiple Sklerose&nbsp;<\/strong><\/big><big><em><strong>&nbsp; <a href=\"https:\/\/de.wikipedia.org\/wiki\/Multiple_Sklerose\" target=\"_blank\" rel=\"noopener\">(Wikipedia)<\/a><\/strong><\/em><\/big><\/p>\n<p>Auch das ist ein Teil von mir. Seid 2002 habe ich die offizielle Diagnose und versuche, das Beste daraus zu machen.<br \/>\nEs gibt auch keinen Grund, sich ernsthaft zu beschweren, denn es geht mir eigentlich recht gut. Okay, ich bin schnell KO, bedingt durch meine <a href=\"https:\/\/de.wikipedia.org\/wiki\/Fatigue\" target=\"_blank\" rel=\"noopener\">Fatigue<\/a><br \/>\nund die K\u00e4lte macht mir auch zu schaffen, ich nenne es das negierte <a href=\"https:\/\/de.wikipedia.org\/wiki\/Uhthoff-Ph%C3%A4nomen\" target=\"_blank\" rel=\"noopener\">Uthoff-Ph\u00e4nomen<\/a>.<br \/>\nNoch kann ich laufen und stehen, auch wenn dies sichtlich nicht mehr so klappt wie fr\u00fcher.<br \/>\nWas mich so bewegt versuche ich einfach mal im <a href=\"http:\/\/SPIEGEL.BASSISMUS.DE\/category\/ueber-mich\/msb\/\">MS-Blog<\/a> festzuhalten.<br \/>\nNa ja, aufgrund des existierenden Gewohnheitsrechtes werde ich meine pessimistische Ader sicherlich auch nicht mehr los, aber die hatte ich ja auch schon fr\u00fcher. Sie hilft aber auch bei der Selbstreflexion und bei der realistischen Einsch\u00e4tzung in vielen Belangen.<\/p>\n","protected":false},"excerpt":{"rendered":"<p>&nbsp; Bassist, so gut es noch geht. Aber ab und zu packt mich auch die Muse an meiner DAW. &nbsp; [&hellip;]<\/p>\n","protected":false},"author":1,"featured_media":0,"parent":0,"menu_order":0,"comment_status":"closed","ping_status":"closed","template":"","meta":{"ngg_post_thumbnail":0,"footnotes":""},"class_list":["post-1379","page","type-page","status-publish","hentry"],"jetpack_sharing_enabled":true,"_links":{"self":[{"href":"https:\/\/kreartief.de\/index.php?rest_route=\/wp\/v2\/pages\/1379","targetHints":{"allow":["GET"]}}],"collection":[{"href":"https:\/\/kreartief.de\/index.php?rest_route=\/wp\/v2\/pages"}],"about":[{"href":"https:\/\/kreartief.de\/index.php?rest_route=\/wp\/v2\/types\/page"}],"author":[{"embeddable":true,"href":"https:\/\/kreartief.de\/index.php?rest_route=\/wp\/v2\/users\/1"}],"replies":[{"embeddable":true,"href":"https:\/\/kreartief.de\/index.php?rest_route=%2Fwp%2Fv2%2Fcomments&post=1379"}],"version-history":[{"count":10,"href":"https:\/\/kreartief.de\/index.php?rest_route=\/wp\/v2\/pages\/1379\/revisions"}],"predecessor-version":[{"id":2168,"href":"https:\/\/kreartief.de\/index.php?rest_route=\/wp\/v2\/pages\/1379\/revisions\/2168"}],"wp:attachment":[{"href":"https:\/\/kreartief.de\/index.php?rest_route=%2Fwp%2Fv2%2Fmedia&parent=1379"}],"curies":[{"name":"wp","href":"https:\/\/api.w.org\/{rel}","templated":true}]}}